{"id":9,"date":"2016-07-19T15:42:55","date_gmt":"2016-07-19T15:42:55","guid":{"rendered":"http:\/\/mmlanguages.es\/?page_id=9"},"modified":"2025-04-03T10:52:18","modified_gmt":"2025-04-03T10:52:18","slug":"cursos-idiomas-barcelona","status":"publish","type":"page","link":"https:\/\/mmlanguages.es\/es\/cursos-idiomas-barcelona\/","title":{"rendered":"Courses"},"content":{"rendered":"<div class=\"wpb-content-wrapper\"><p>[vc_row][vc_column][vc_empty_space height=\u00bb77px\u00bb][vc_column_text css=\u00bb\u00bb]<\/p>\n<h3 style=\"text-align: center;\"><strong>Nuestros Cursos<\/strong><\/h3>\n<p>&nbsp;<\/p>\n<p><strong>CURSOS DE IDIOMAS <\/strong>para todos los Niveles y Edades. \u00danete a nuestras clases din\u00e1micas y aprende en un ambiente interactivo y cooperativo.<\/p>\n<p>Ofrecemos <strong>Clases Grupales <\/strong>en <strong>Ingl\u00e9s<\/strong>, <strong>Espa\u00f1ol,<\/strong> <strong>Franc\u00e9s<\/strong>, <strong>Alem\u00e1n<\/strong>.[\/vc_column_text][vc_single_image image=\u00bb1733&#8243; img_size=\u00bblarge\u00bb alignment=\u00bbcenter\u00bb style=\u00bbvc_box_rounded\u00bb onclick=\u00bbcustom_link\u00bb css=\u00bb\u00bb link=\u00bbhttps:\/\/mmlanguages.es\/contact-us\/\u00bb][vc_column_text css=\u00bb\u00bb]\u00bf Buscas <strong>Clases Particulares <\/strong>? Ofrecemos clases individuales en todos los idiomas, adaptadas a tus necesidades.<\/p>\n<p data-start=\"230\" data-end=\"579\">Ya sea que seas principiante o quieras mejorar tus habilidades, nuestros cursos te ayudar\u00e1n a aprender con confianza. Ya sea para viajar, trabajar, estudiar o por crecimiento personal, estamos aqu\u00ed para ayudarte en tu camino hacia la fluidez en cada paso.<\/p>\n<p>[\/vc_column_text][\/vc_column][\/vc_row][vc_row][vc_column][vc_column_text css=\u00bb\u00bb]Nuestros cursos est\u00e1n disponibles durante todo el a\u00f1o, con fechas principales de inicio en:<\/p>\n<p>\ud83d\udcc5\u00a0 \u00a0Septiembre y Octubre<br data-start=\"1105\" data-end=\"1108\" \/>\ud83d\udcc5\u00a0 \u00a0Julio y Agosto<\/p>\n<p>Disponemos de una gran variedad de formatos en nuestros cursos de idiomas para poder ofrecerte diferentes modalidades de aprendizaje y horarios seg\u00fan tus preferencias:<\/p>\n<p><strong data-start=\"479\" data-end=\"514\">\ud83d\udd35\u00a0 \u00a0 Cursos Intensivos y Extensivos<\/strong><strong data-start=\"479\" data-end=\"514\">: <\/strong>Elige entre un aprendizaje r\u00e1pido o un enfoque m\u00e1s gradual.<\/p>\n<p><strong data-start=\"519\" data-end=\"564\">\ud83d\udd35\u00a0 \u00a0 Clases Online y Presenciales<\/strong><strong>:\u00a0 <\/strong>Aprende desde cualquier lugar o realiza las clases en nuestra escuela de idiomas.<\/p>\n<p><strong data-start=\"569\" data-end=\"630\">\ud83d\udd35\u00a0 \u00a0 Cursos Grupales: <\/strong>Practica e interact\u00faa con otros estudiantes en un entorno de aula din\u00e1mico e interactivo.<\/p>\n<p><strong data-start=\"569\" data-end=\"630\">\ud83d\udd35\u00a0 \u00a0 Clases Particulares: <\/strong>Clases individuales adaptadas a tus objetivos personales.<\/p>\n<p><strong data-start=\"569\" data-end=\"630\">\ud83d\udd35\u00a0 \u00a0 Talleres Especializados:\u00a0 <\/strong>Enf\u00f3cate en \u00e1reas clave como habilidades de conversaci\u00f3n, comunicaci\u00f3n empresarial o preparaci\u00f3n para ex\u00e1menes oficiales.<\/p>\n<p><strong data-start=\"635\" data-end=\"673\">\ud83d\udd35\u00a0 \u00a0 Cursos para Empresas: <\/strong>Cursos de idiomas personalizados para empresas y profesionales.[\/vc_column_text][vc_empty_space height=\u00bb33px\u00bb][\/vc_column][\/vc_row][vc_row][vc_column][vc_column_text css=\u00bb\u00bb]<\/p>\n<h3 style=\"text-align: center;\"><strong>Pruebas de Nivel<\/strong><\/h3>\n<p>&nbsp;<\/p>\n<p>Si est\u00e1s interesado en nuestros <strong>CURSOS DE INGL\u00c9S<\/strong>, te recomendamos realizar nuestra Prueba de Nivel de Ingl\u00e9s para determinar el mejor punto de partida para tu camino de aprendizaje.[\/vc_column_text][vc_btn title=\u00bbPrueba de Nivel INGL\u00c9S\u00bb style=\u00bbclassic\u00bb color=\u00bbprimary\u00bb size=\u00bblg\u00bb align=\u00bbcenter\u00bb css=\u00bb\u00bb link=\u00bburl:https%3A%2F%2Fdocs.google.com%2Fforms%2Fd%2F1Adgb8rWo42Ixn8vUqoI8mI_9Hj7crdrKo60a6oQNoU4%2Fedit%3Fpli%3D1|title:English%20Level%20Test\u00bb][vc_column_text css=\u00bb\u00bb]Si est\u00e1s considerando nuestros <strong data-start=\"1827\" data-end=\"1848\">CURSOS DE ESPA\u00d1OL<\/strong>, nuestra Prueba de Nivel de Espa\u00f1ol te ayudar\u00e1 a encontrar el curso adecuado para tus necesidades.[\/vc_column_text][vc_btn title=\u00bbPrueba de Nivel ESPA\u00d1OL\u00bb style=\u00bbclassic\u00bb color=\u00bbprimary\u00bb size=\u00bblg\u00bb align=\u00bbcenter\u00bb css=\u00bb\u00bb link=\u00bburl:https%3A%2F%2Fdocs.google.com%2Fforms%2Fd%2Fe%2F1FAIpQLSdntH648yQB809mj3Ar60utZVJq-nCAaDfJNQ_mMQBKd26WVQ%2Fviewform%3Fusp%3Dsharing|title:Spanish%20Level%20Test\u00bb][vc_column_text css=\u00bb\u00bb]Nuestras pruebas de nivel te ayudan a aprovechar al m\u00e1ximo tu experiencia de aprendizaje al ubicarte en una clase que coincida con tus habilidades, nivel\u00a0 y objetivos.[\/vc_column_text][vc_empty_space height=\u00bb33px\u00bb][vc_empty_space height=\u00bb44px\u00bb][vc_column_text css=\u00bb\u00bb]<\/p>\n<h3 style=\"text-align: center;\"><b>Razones para elegirnos<\/b><\/h3>\n<p>&nbsp;<\/p>\n<p data-start=\"2114\" data-end=\"2138\">Estamos entregados a ofrecerte la mejor experiencia de aprendizaje de idiomas, ayud\u00e1ndote a alcanzar tus objetivos con facilidad y confianza. Estas son algunas razones por las que los estudiantes eligen aprender con nosotros:<\/p>\n<ul>\n<li data-start=\"2139\" data-end=\"2764\"><strong data-start=\"2142\" data-end=\"2185\">Profesores Nativos y Experimentados. <\/strong>Aprende con profesores altamente cualificados y apasionados por el aprendizaje de idiomas.<\/li>\n<li data-start=\"2139\" data-end=\"2764\"><strong data-start=\"2274\" data-end=\"2314\">Metodolog\u00eda de Ense\u00f1anza Eficaz e Inmersiva. <\/strong>Gana confianza y fluidez a trav\u00e9s de lecciones interactivas, envolventes y pr\u00e1ctica en el mundo real.<\/li>\n<li data-start=\"2139\" data-end=\"2764\"><strong>Opciones de Horarios Flexibles.<\/strong> Encuentra un curso que se ajuste a tu estilo de vida, ya sea si prefieres clases durante el d\u00eda, en la tarde o los fines de semana.<\/li>\n<li data-start=\"2139\" data-end=\"2764\"><strong>Aprendizaje Personalizado.<\/strong> Elige entre cursos generales, formaci\u00f3n enfocada en negocios, preparaci\u00f3n para ex\u00e1menes y m\u00e1s.<\/li>\n<li data-start=\"2139\" data-end=\"2764\"><strong>Comunidad de Aprendizaje Colaborativa<\/strong>. Con\u00e9ctate\u00a0con otros estudiantes y recibe orientaci\u00f3n durante todo tu proceso de aprendizaje.<\/li>\n<li data-start=\"2139\" data-end=\"2764\"><strong data-start=\"3113\" data-end=\"3135\">Aulas Interactivas<\/strong>. Experimenta clases din\u00e1micas y atractivas que ayudan a mejorar tu aprendizaje.<\/li>\n<\/ul>\n<p>[\/vc_column_text][vc_empty_space height=\u00bb22px\u00bb][vc_column_text css=\u00bb\u00bb]<\/p>\n<h3 style=\"text-align: center;\"><strong>Cont\u00e1ctanos<\/strong><\/h3>\n<p>&nbsp;<\/p>\n<p>\ud83d\udce9 <a href=\"https:\/\/mmlanguages.es\/contact-us\/\"><strong data-start=\"2256\" data-end=\"2275\">Cont\u00e1ctanos<\/strong><\/a> para m\u00e1s informaci\u00f3n sobre nuestros cursos, horarios y precios. \u00a1Estamos aqu\u00ed para ayudarte a lograr tus objetivos ling\u00fc\u00edsticos![\/vc_column_text][vc_empty_space height=\u00bb33px\u00bb][\/vc_column][\/vc_row][vc_row][vc_column][vc_single_image image=\u00bb1738&#8243; img_size=\u00bbLarge\u00bb alignment=\u00bbcenter\u00bb style=\u00bbvc_box_rounded\u00bb onclick=\u00bbcustom_link\u00bb css=\u00bb\u00bb link=\u00bbhttps:\/\/mmlanguages.es\/contact-us\/\u00bb][\/vc_column][\/vc_row]<\/p>\n<\/div>","protected":false},"excerpt":{"rendered":"<p>[vc_row][vc_column][vc_empty_space height=\u00bb77px\u00bb][vc_column_text css=\u00bb\u00bb] Nuestros Cursos &nbsp; CURSOS DE IDIOMAS para todos los Niveles y Edades. \u00danete a nuestras clases din\u00e1micas y aprende en un ambiente interactivo y cooperativo. Ofrecemos Clases Grupales en Ingl\u00e9s, Espa\u00f1ol, Franc\u00e9s, Alem\u00e1n.[\/vc_column_text][vc_single_image image=\u00bb1733&#8243; img_size=\u00bblarge\u00bb alignment=\u00bbcenter\u00bb style=\u00bbvc_box_rounded\u00bb onclick=\u00bbcustom_link\u00bb css=\u00bb\u00bb link=\u00bbhttps:\/\/mmlanguages.es\/contact-us\/\u00bb][vc_column_text css=\u00bb\u00bb]\u00bf Buscas Clases Particulares ? Ofrecemos clases individuales en todos los idiomas, adaptadas a tus necesidades. Ya sea que seas principiante o quieras mejorar tus habilidades, nuestros cursos te ayudar\u00e1n a aprender con confianza. Ya sea para viajar, trabajar, estudiar o por crecimiento personal, estamos aqu\u00ed para ayudarte en tu camino hacia la fluidez en cada paso. [\/vc_column_text][\/vc_column][\/vc_row][vc_row][vc_column][vc_column_text css=\u00bb\u00bb]Nuestros cursos est\u00e1n disponibles durante todo el a\u00f1o, con fechas principales de inicio en: \ud83d\udcc5\u00a0 \u00a0Septiembre y Octubre\ud83d\udcc5\u00a0 \u00a0Julio y Agosto Disponemos de una gran variedad de formatos en nuestros cursos de idiomas para poder ofrecerte diferentes modalidades de aprendizaje y horarios seg\u00fan tus preferencias: \ud83d\udd35\u00a0 \u00a0 Cursos Intensivos y Extensivos: Elige entre un aprendizaje r\u00e1pido o un enfoque m\u00e1s gradual. \ud83d\udd35\u00a0 \u00a0 Clases Online y Presenciales:\u00a0 Aprende desde cualquier lugar o realiza las clases en nuestra escuela de idiomas. \ud83d\udd35\u00a0 \u00a0 Cursos Grupales: Practica e interact\u00faa con otros estudiantes en un entorno de aula din\u00e1mico e interactivo. \ud83d\udd35\u00a0 \u00a0 Clases Particulares: Clases individuales adaptadas a tus objetivos personales. \ud83d\udd35\u00a0 \u00a0 Talleres Especializados:\u00a0 Enf\u00f3cate en \u00e1reas clave como habilidades de conversaci\u00f3n, comunicaci\u00f3n empresarial o preparaci\u00f3n para ex\u00e1menes oficiales. \ud83d\udd35\u00a0 \u00a0 Cursos para Empresas: Cursos de idiomas personalizados para empresas y profesionales.[\/vc_column_text][vc_empty_space height=\u00bb33px\u00bb][\/vc_column][\/vc_row][vc_row][vc_column][vc_column_text css=\u00bb\u00bb] Pruebas de Nivel &nbsp; Si est\u00e1s interesado en nuestros CURSOS DE INGL\u00c9S, te recomendamos realizar nuestra Prueba de Nivel de Ingl\u00e9s para determinar el mejor punto de partida para tu camino de aprendizaje.[\/vc_column_text][vc_btn title=\u00bbPrueba de Nivel INGL\u00c9S\u00bb style=\u00bbclassic\u00bb color=\u00bbprimary\u00bb size=\u00bblg\u00bb align=\u00bbcenter\u00bb css=\u00bb\u00bb link=\u00bburl:https%3A%2F%2Fdocs.google.com%2Fforms%2Fd%2F1Adgb8rWo42Ixn8vUqoI8mI_9Hj7crdrKo60a6oQNoU4%2Fedit%3Fpli%3D1|title:English%20Level%20Test\u00bb][vc_column_text css=\u00bb\u00bb]Si est\u00e1s considerando nuestros CURSOS DE ESPA\u00d1OL, nuestra Prueba de Nivel de Espa\u00f1ol te ayudar\u00e1 a encontrar el curso adecuado para tus necesidades.[\/vc_column_text][vc_btn title=\u00bbPrueba de Nivel ESPA\u00d1OL\u00bb style=\u00bbclassic\u00bb color=\u00bbprimary\u00bb size=\u00bblg\u00bb align=\u00bbcenter\u00bb css=\u00bb\u00bb link=\u00bburl:https%3A%2F%2Fdocs.google.com%2Fforms%2Fd%2Fe%2F1FAIpQLSdntH648yQB809mj3Ar60utZVJq-nCAaDfJNQ_mMQBKd26WVQ%2Fviewform%3Fusp%3Dsharing|title:Spanish%20Level%20Test\u00bb][vc_column_text css=\u00bb\u00bb]Nuestras pruebas de nivel te ayudan a aprovechar al m\u00e1ximo tu experiencia de aprendizaje al ubicarte en una clase que coincida con tus habilidades, nivel\u00a0 y objetivos.[\/vc_column_text][vc_empty_space height=\u00bb33px\u00bb][vc_empty_space height=\u00bb44px\u00bb][vc_column_text css=\u00bb\u00bb] Razones para elegirnos &nbsp; Estamos entregados a ofrecerte la mejor experiencia de aprendizaje de idiomas, ayud\u00e1ndote a alcanzar tus objetivos con facilidad y confianza. Estas son algunas razones por las que los estudiantes eligen aprender con nosotros: Profesores Nativos y Experimentados. Aprende con profesores altamente cualificados y apasionados por el aprendizaje de idiomas. Metodolog\u00eda de Ense\u00f1anza Eficaz e Inmersiva. Gana confianza y fluidez a trav\u00e9s de lecciones interactivas, envolventes y pr\u00e1ctica en el mundo real. Opciones de Horarios Flexibles. Encuentra un curso que se ajuste a tu estilo de vida, ya sea si prefieres clases durante el d\u00eda, en la tarde o los fines de semana. Aprendizaje Personalizado. Elige entre cursos generales, formaci\u00f3n enfocada en negocios, preparaci\u00f3n para ex\u00e1menes y m\u00e1s. Comunidad de Aprendizaje Colaborativa. Con\u00e9ctate\u00a0con otros estudiantes y recibe orientaci\u00f3n durante todo tu proceso de aprendizaje. Aulas Interactivas. Experimenta clases din\u00e1micas y atractivas que ayudan a mejorar tu aprendizaje. &hellip; <a href=\"https:\/\/mmlanguages.es\/es\/cursos-idiomas-barcelona\/\">Continued<\/a><\/p>\n","protected":false},"author":1,"featured_media":0,"parent":0,"menu_order":0,"comment_status":"closed","ping_status":"closed","template":"","meta":{"_monsterinsights_skip_tracking":false,"_monsterinsights_sitenote_active":false,"_monsterinsights_sitenote_note":"","_monsterinsights_sitenote_category":0,"footnotes":""},"class_list":["post-9","page","type-page","status-publish","hentry"],"yoast_head":"<!-- This site is optimized with the Yoast SEO plugin v27.3 - https:\/\/yoast.com\/product\/yoast-seo-wordpress\/ -->\n<title>Cursos de ingl\u00e9s Barcelona M&amp;M Languages<\/title>\n<meta name=\"description\" content=\"Nuevos Cursos de ingl\u00e9s Barcelona 2022-2023 con el objetivo de que puedas avanzar un nivel en los nueve meses\" \/>\n<meta name=\"robots\" content=\"index, follow, max-snippet:-1, max-image-preview:large, max-video-preview:-1\" \/>\n<link rel=\"canonical\" href=\"https:\/\/mmlanguages.es\/cursos-idiomas-barcelona\/\" \/>\n<meta property=\"og:locale\" content=\"es_ES\" \/>\n<meta property=\"og:type\" content=\"article\" \/>\n<meta property=\"og:title\" content=\"Cursos de ingl\u00e9s Barcelona M&amp;M Languages\" \/>\n<meta property=\"og:description\" content=\"Nuevos Cursos de ingl\u00e9s Barcelona 2022-2023 con el objetivo de que puedas avanzar un nivel en los nueve meses\" \/>\n<meta property=\"og:url\" content=\"https:\/\/mmlanguages.es\/cursos-idiomas-barcelona\/\" \/>\n<meta property=\"og:site_name\" content=\"M&amp;M Languages\" \/>\n<meta property=\"article:publisher\" content=\"https:\/\/m.facebook.com\/MMLanguagesBarcelona\/?ref=bookmarks\" \/>\n<meta property=\"article:modified_time\" content=\"2025-04-03T10:52:18+00:00\" \/>\n<meta name=\"twitter:card\" content=\"summary_large_image\" \/>\n<meta name=\"twitter:site\" content=\"@mmlangbcn\" \/>\n<meta name=\"twitter:label1\" content=\"Tiempo de lectura\" \/>\n\t<meta name=\"twitter:data1\" content=\"3 minutos\" \/>\n<script type=\"application\/ld+json\" class=\"yoast-schema-graph\">{\"@context\":\"https:\\\/\\\/schema.org\",\"@graph\":[{\"@type\":\"WebPage\",\"@id\":\"https:\\\/\\\/mmlanguages.es\\\/cursos-idiomas-barcelona\\\/\",\"url\":\"https:\\\/\\\/mmlanguages.es\\\/cursos-idiomas-barcelona\\\/\",\"name\":\"Cursos de ingl\u00e9s Barcelona M&amp;M Languages\",\"isPartOf\":{\"@id\":\"https:\\\/\\\/mmlanguages.es\\\/es\\\/#website\"},\"datePublished\":\"2016-07-19T15:42:55+00:00\",\"dateModified\":\"2025-04-03T10:52:18+00:00\",\"description\":\"Nuevos Cursos de ingl\u00e9s Barcelona 2022-2023 con el objetivo de que puedas avanzar un nivel en los nueve meses\",\"breadcrumb\":{\"@id\":\"https:\\\/\\\/mmlanguages.es\\\/cursos-idiomas-barcelona\\\/#breadcrumb\"},\"inLanguage\":\"es\",\"potentialAction\":[{\"@type\":\"ReadAction\",\"target\":[\"https:\\\/\\\/mmlanguages.es\\\/cursos-idiomas-barcelona\\\/\"]}]},{\"@type\":\"BreadcrumbList\",\"@id\":\"https:\\\/\\\/mmlanguages.es\\\/cursos-idiomas-barcelona\\\/#breadcrumb\",\"itemListElement\":[{\"@type\":\"ListItem\",\"position\":1,\"name\":\"Home\",\"item\":\"https:\\\/\\\/mmlanguages.es\\\/\"},{\"@type\":\"ListItem\",\"position\":2,\"name\":\"Courses\"}]},{\"@type\":\"WebSite\",\"@id\":\"https:\\\/\\\/mmlanguages.es\\\/es\\\/#website\",\"url\":\"https:\\\/\\\/mmlanguages.es\\\/es\\\/\",\"name\":\"M&M Languages\",\"description\":\"Academia de Idiomas\",\"publisher\":{\"@id\":\"https:\\\/\\\/mmlanguages.es\\\/es\\\/#organization\"},\"potentialAction\":[{\"@type\":\"SearchAction\",\"target\":{\"@type\":\"EntryPoint\",\"urlTemplate\":\"https:\\\/\\\/mmlanguages.es\\\/es\\\/?s={search_term_string}\"},\"query-input\":{\"@type\":\"PropertyValueSpecification\",\"valueRequired\":true,\"valueName\":\"search_term_string\"}}],\"inLanguage\":\"es\"},{\"@type\":\"Organization\",\"@id\":\"https:\\\/\\\/mmlanguages.es\\\/es\\\/#organization\",\"name\":\"M&M Languages\",\"url\":\"https:\\\/\\\/mmlanguages.es\\\/es\\\/\",\"logo\":{\"@type\":\"ImageObject\",\"inLanguage\":\"es\",\"@id\":\"https:\\\/\\\/mmlanguages.es\\\/es\\\/#\\\/schema\\\/logo\\\/image\\\/\",\"url\":\"https:\\\/\\\/mmlanguages.es\\\/wp-content\\\/uploads\\\/2023\\\/06\\\/fons-blanc-escola.png\",\"contentUrl\":\"https:\\\/\\\/mmlanguages.es\\\/wp-content\\\/uploads\\\/2023\\\/06\\\/fons-blanc-escola.png\",\"width\":2399,\"height\":1150,\"caption\":\"M&M Languages\"},\"image\":{\"@id\":\"https:\\\/\\\/mmlanguages.es\\\/es\\\/#\\\/schema\\\/logo\\\/image\\\/\"},\"sameAs\":[\"https:\\\/\\\/m.facebook.com\\\/MMLanguagesBarcelona\\\/?ref=bookmarks\",\"https:\\\/\\\/x.com\\\/mmlangbcn\",\"https:\\\/\\\/www.instagram.com\\\/mmlanguages\\\/?hl=en\",\"https:\\\/\\\/goo.gl\\\/maps\\\/tGaiB16KptxH2cvu5\"]}]}<\/script>\n<!-- \/ Yoast SEO plugin. -->","yoast_head_json":{"title":"Cursos de ingl\u00e9s Barcelona M&amp;M Languages","description":"Nuevos Cursos de ingl\u00e9s Barcelona 2022-2023 con el objetivo de que puedas avanzar un nivel en los nueve meses","robots":{"index":"index","follow":"follow","max-snippet":"max-snippet:-1","max-image-preview":"max-image-preview:large","max-video-preview":"max-video-preview:-1"},"canonical":"https:\/\/mmlanguages.es\/cursos-idiomas-barcelona\/","og_locale":"es_ES","og_type":"article","og_title":"Cursos de ingl\u00e9s Barcelona M&amp;M Languages","og_description":"Nuevos Cursos de ingl\u00e9s Barcelona 2022-2023 con el objetivo de que puedas avanzar un nivel en los nueve meses","og_url":"https:\/\/mmlanguages.es\/cursos-idiomas-barcelona\/","og_site_name":"M&amp;M Languages","article_publisher":"https:\/\/m.facebook.com\/MMLanguagesBarcelona\/?ref=bookmarks","article_modified_time":"2025-04-03T10:52:18+00:00","twitter_card":"summary_large_image","twitter_site":"@mmlangbcn","twitter_misc":{"Tiempo de lectura":"3 minutos"},"schema":{"@context":"https:\/\/schema.org","@graph":[{"@type":"WebPage","@id":"https:\/\/mmlanguages.es\/cursos-idiomas-barcelona\/","url":"https:\/\/mmlanguages.es\/cursos-idiomas-barcelona\/","name":"Cursos de ingl\u00e9s Barcelona M&amp;M Languages","isPartOf":{"@id":"https:\/\/mmlanguages.es\/es\/#website"},"datePublished":"2016-07-19T15:42:55+00:00","dateModified":"2025-04-03T10:52:18+00:00","description":"Nuevos Cursos de ingl\u00e9s Barcelona 2022-2023 con el objetivo de que puedas avanzar un nivel en los nueve meses","breadcrumb":{"@id":"https:\/\/mmlanguages.es\/cursos-idiomas-barcelona\/#breadcrumb"},"inLanguage":"es","potentialAction":[{"@type":"ReadAction","target":["https:\/\/mmlanguages.es\/cursos-idiomas-barcelona\/"]}]},{"@type":"BreadcrumbList","@id":"https:\/\/mmlanguages.es\/cursos-idiomas-barcelona\/#breadcrumb","itemListElement":[{"@type":"ListItem","position":1,"name":"Home","item":"https:\/\/mmlanguages.es\/"},{"@type":"ListItem","position":2,"name":"Courses"}]},{"@type":"WebSite","@id":"https:\/\/mmlanguages.es\/es\/#website","url":"https:\/\/mmlanguages.es\/es\/","name":"M&M Languages","description":"Academia de Idiomas","publisher":{"@id":"https:\/\/mmlanguages.es\/es\/#organization"},"potentialAction":[{"@type":"SearchAction","target":{"@type":"EntryPoint","urlTemplate":"https:\/\/mmlanguages.es\/es\/?s={search_term_string}"},"query-input":{"@type":"PropertyValueSpecification","valueRequired":true,"valueName":"search_term_string"}}],"inLanguage":"es"},{"@type":"Organization","@id":"https:\/\/mmlanguages.es\/es\/#organization","name":"M&M Languages","url":"https:\/\/mmlanguages.es\/es\/","logo":{"@type":"ImageObject","inLanguage":"es","@id":"https:\/\/mmlanguages.es\/es\/#\/schema\/logo\/image\/","url":"https:\/\/mmlanguages.es\/wp-content\/uploads\/2023\/06\/fons-blanc-escola.png","contentUrl":"https:\/\/mmlanguages.es\/wp-content\/uploads\/2023\/06\/fons-blanc-escola.png","width":2399,"height":1150,"caption":"M&M Languages"},"image":{"@id":"https:\/\/mmlanguages.es\/es\/#\/schema\/logo\/image\/"},"sameAs":["https:\/\/m.facebook.com\/MMLanguagesBarcelona\/?ref=bookmarks","https:\/\/x.com\/mmlangbcn","https:\/\/www.instagram.com\/mmlanguages\/?hl=en","https:\/\/goo.gl\/maps\/tGaiB16KptxH2cvu5"]}]}},"_links":{"self":[{"href":"https:\/\/mmlanguages.es\/es\/wp-json\/wp\/v2\/pages\/9","targetHints":{"allow":["GET"]}}],"collection":[{"href":"https:\/\/mmlanguages.es\/es\/wp-json\/wp\/v2\/pages"}],"about":[{"href":"https:\/\/mmlanguages.es\/es\/wp-json\/wp\/v2\/types\/page"}],"author":[{"embeddable":true,"href":"https:\/\/mmlanguages.es\/es\/wp-json\/wp\/v2\/users\/1"}],"replies":[{"embeddable":true,"href":"https:\/\/mmlanguages.es\/es\/wp-json\/wp\/v2\/comments?post=9"}],"version-history":[{"count":0,"href":"https:\/\/mmlanguages.es\/es\/wp-json\/wp\/v2\/pages\/9\/revisions"}],"wp:attachment":[{"href":"https:\/\/mmlanguages.es\/es\/wp-json\/wp\/v2\/media?parent=9"}],"curies":[{"name":"wp","href":"https:\/\/api.w.org\/{rel}","templated":true}]}}